{"id":4945,"date":"2025-01-29T14:07:49","date_gmt":"2025-01-29T13:07:49","guid":{"rendered":"https:\/\/www.siplet.com\/faq\/"},"modified":"2025-07-21T16:56:07","modified_gmt":"2025-07-21T14:56:07","slug":"faq","status":"publish","type":"page","link":"https:\/\/www.siplet.com\/pl\/faq\/","title":{"rendered":"FAQ"},"content":{"rendered":"<p><div class=\"fusion-fullwidth fullwidth-box fusion-builder-row-1 fusion-flex-container has-pattern-background has-mask-background nonhundred-percent-fullwidth non-hundred-percent-height-scrolling\" style=\"--awb-border-radius-top-left:0px;--awb-border-radius-top-right:0px;--awb-border-radius-bottom-right:0px;--awb-border-radius-bottom-left:0px;--awb-margin-top:0px;--awb-margin-bottom:33px;--awb-flex-wrap:wrap;\" ><div class=\"fusion-builder-row fusion-row fusion-flex-align-items-flex-start fusion-flex-content-wrap\" style=\"max-width:1372.8px;margin-left: calc(-4% \/ 2 );margin-right: calc(-4% \/ 2 );\"><div class=\"fusion-layout-column fusion_builder_column fusion-builder-column-0 fusion_builder_column_1_1 1_1 fusion-flex-column\" style=\"--awb-bg-size:cover;--awb-width-large:100%;--awb-margin-top-large:0px;--awb-spacing-right-large:1.92%;--awb-margin-bottom-large:29px;--awb-spacing-left-large:1.92%;--awb-width-medium:100%;--awb-order-medium:0;--awb-spacing-right-medium:1.92%;--awb-spacing-left-medium:1.92%;--awb-width-small:100%;--awb-order-small:0;--awb-spacing-right-small:1.92%;--awb-spacing-left-small:1.92%;\"><div class=\"fusion-column-wrapper fusion-column-has-shadow fusion-flex-justify-content-flex-start fusion-content-layout-column\"><div class=\"fusion-image-element \" style=\"text-align:center;--awb-max-width:200px;--awb-caption-title-font-family:var(--h2_typography-font-family);--awb-caption-title-font-weight:var(--h2_typography-font-weight);--awb-caption-title-font-style:var(--h2_typography-font-style);--awb-caption-title-size:var(--h2_typography-font-size);--awb-caption-title-transform:var(--h2_typography-text-transform);--awb-caption-title-line-height:var(--h2_typography-line-height);--awb-caption-title-letter-spacing:var(--h2_typography-letter-spacing);\"><span class=\" fusion-imageframe imageframe-none imageframe-1 hover-type-none\"><img decoding=\"async\" width=\"1764\" height=\"524\" title=\"Logo siplet png\" src=\"https:\/\/www.siplet.com\/wp-content\/uploads\/2025\/01\/Logo-siplet-png-.png\" data-orig-src=\"https:\/\/www.siplet.com\/wp-content\/uploads\/2025\/01\/Logo-siplet-png-.png\" alt class=\"lazyload img-responsive wp-image-4302\" srcset=\"data:image\/svg+xml,%3Csvg%20xmlns%3D%27http%3A%2F%2Fwww.w3.org%2F2000%2Fsvg%27%20width%3D%271764%27%20height%3D%27524%27%20viewBox%3D%270%200%201764%20524%27%3E%3Crect%20width%3D%271764%27%20height%3D%27524%27%20fill-opacity%3D%220%22%2F%3E%3C%2Fsvg%3E\" data-srcset=\"https:\/\/www.siplet.com\/wp-content\/uploads\/2025\/01\/Logo-siplet-png--200x59.png 200w, https:\/\/www.siplet.com\/wp-content\/uploads\/2025\/01\/Logo-siplet-png--400x119.png 400w, https:\/\/www.siplet.com\/wp-content\/uploads\/2025\/01\/Logo-siplet-png--600x178.png 600w, https:\/\/www.siplet.com\/wp-content\/uploads\/2025\/01\/Logo-siplet-png--800x238.png 800w, https:\/\/www.siplet.com\/wp-content\/uploads\/2025\/01\/Logo-siplet-png--1200x356.png 1200w, https:\/\/www.siplet.com\/wp-content\/uploads\/2025\/01\/Logo-siplet-png-.png 1764w\" data-sizes=\"auto\" data-orig-sizes=\"(max-width: 850px) 100vw, 1764px\" \/><\/span><\/div><div class=\"fusion-title title fusion-title-1 fusion-sep-none fusion-title-center fusion-title-text fusion-title-size-two\" style=\"--awb-font-size:22px;\"><h2 class=\"fusion-title-heading title-heading-center\" style=\"margin:0;font-size:1em;text-transform:none;\">FAQ<\/h2><\/div><div class=\"fusion-text fusion-text-1 fusion-text-no-margin\" style=\"--awb-content-alignment:center;--awb-margin-bottom:60px;\"><p>Nasze FAQ zawiera odpowiedzi na najcz\u0119\u015bciej zadawane pytania dotycz\u0105ce naszych produkt\u00f3w, us\u0142ug oraz warunk\u00f3w zam\u00f3wienia. Je\u015bli masz dodatkowe pytania lub szczeg\u00f3lne potrzeby, nasz zesp\u00f3\u0142 jest do Twojej dyspozycji, kliknij tutaj, aby uzyska\u0107 potrzebn\u0105 pomoc.<\/p>\n<\/div><style type=\"text\/css\">#accordian-1 .fusion-panel:hover,#accordian-1 .fusion-panel.hover{ background-color: var(--awb-color2) } #accordian-1 .fusion-panel { border-color:var(--awb-color3); border-width:1px; background-color:var(--awb-color1); }.fusion-accordian #accordian-1 .panel-title a .fa-fusion-box:before{ font-size: 16px;width: 16px;}.fusion-accordian #accordian-1 .panel-title a .fa-fusion-box{ color: var(--awb-color1);}.fusion-accordian  #accordian-1 .panel-title a{font-size:15px;font-family:\"Kumbh Sans\";font-style:normal;font-weight:500;}.fusion-accordian  #accordian-1 .panel-title a:not(:hover){}.fusion-accordian  #accordian-1 .toggle-content{font-family:var(--awb-typography4-font-family);font-weight:var(--awb-typography4-font-weight);font-style:var(--awb-typography4-font-style);}.fusion-accordian #accordian-1 .fa-fusion-box { background-color: var(--awb-color7) !important;border-color: var(--awb-color7) !important;}.fusion-accordian #accordian-1 .panel-title a:hover,.fusion-accordian #accordian-1 .panel-title a.hover { color: var(--awb-color4);}.fusion-faq-shortcode .fusion-accordian #accordian-1 .fusion-toggle-boxed-mode:hover .panel-title a { color: var(--awb-color4);}.fusion-accordian #accordian-1 .panel-title .active .fa-fusion-box,.fusion-accordian #accordian-1 .panel-title a:hover .fa-fusion-box,.fusion-accordian #accordian-1 .panel-title a.hover .fa-fusion-box { background-color: var(--awb-color4)!important;border-color: var(--awb-color4)!important;}<\/style><div class=\"fusion-faq-shortcode\" style=\"\"><div class=\"fusion-faqs-wrapper\"><div class=\"accordian fusion-accordian\"><div class=\"panel-group \" id=\"accordian-1\"><div class=\"fusion-panel fusion-toggle-no-divider fusion-toggle-boxed-mode panel-default fusion-faq-post fusion-faq-post-4685 pl \"><span class=\"entry-title rich-snippet-hidden\">Jakie inne produkty oferujecie?<\/span><span class=\"vcard rich-snippet-hidden\"><span class=\"fn\"><a href=\"https:\/\/www.siplet.com\/pl\/author\/k4hg3\/\" title=\"Wpisy od K4HG3\" rel=\"author\">K4HG3<\/a><\/span><\/span><span class=\"updated rich-snippet-hidden\">2025-06-09T15:09:55+02:00<\/span><div class=\"panel-heading\"><h4 id=\"faq_1-4685\" class=\"panel-title toggle\"><a data-toggle=\"collapse\" class=\"collapsed\" data-parent=\"#accordian-1\" data-target=\"#collapse-1-4685\" href=\"#collapse-1-4685\" aria-expanded=\"false\"><div class=\"fusion-toggle-icon-wrapper\"><div class=\"fusion-toggle-icon-wrapper-main\"><div class=\"fusion-toggle-icon-wrapper-sub\"><i class=\"fa-fusion-box active-icon awb-icon-minus\" aria-hidden=\"true\"><\/i><i class=\"fa-fusion-box inactive-icon awb-icon-plus\" aria-hidden=\"true\"><\/i><\/div><\/div><\/div><div class=\"fusion-toggle-heading\">Jakie inne produkty oferujecie?<\/div><\/a><\/h4><\/div><div id=\"collapse-1-4685\" aria-labelledby=\"faq_1-4685\" class=\"panel-collapse collapse\"><div class=\"panel-body toggle-content post-content\"><p class=\"p1\">Dostarczamy r\u00f3wnie\u017c pokrowce na prasowalnice, prasy i sto\u0142y prasowalnicze, ta\u015bmy transportowe, worki na pranie, siatki do prania, odwadniacze, akcesoria do pralni chemicznej i wszystkie akcesoria techniczne potrzebne do sprawnego dzia\u0142ania prasowalnicy. Je\u015bli szukasz produkt\u00f3w, kt\u00f3rych nie ma w naszym katalogu, nie wahaj si\u0119 nas zapyta\u0107. <\/p>\n<\/div><\/div><\/div><div class=\"fusion-panel fusion-toggle-no-divider fusion-toggle-boxed-mode panel-default fusion-faq-post fusion-faq-post-4672 pl \"><span class=\"entry-title rich-snippet-hidden\">Czy mo\u017cna czy\u015bci\u0107 kalandry po po\u017carze lub powodzi?<\/span><span class=\"vcard rich-snippet-hidden\"><span class=\"fn\"><a href=\"https:\/\/www.siplet.com\/pl\/author\/k4hg3\/\" title=\"Wpisy od K4HG3\" rel=\"author\">K4HG3<\/a><\/span><\/span><span class=\"updated rich-snippet-hidden\">2025-06-09T15:09:45+02:00<\/span><div class=\"panel-heading\"><h4 id=\"faq_1-4672\" class=\"panel-title toggle\"><a data-toggle=\"collapse\" class=\"collapsed\" data-parent=\"#accordian-1\" data-target=\"#collapse-1-4672\" href=\"#collapse-1-4672\" aria-expanded=\"false\"><div class=\"fusion-toggle-icon-wrapper\"><div class=\"fusion-toggle-icon-wrapper-main\"><div class=\"fusion-toggle-icon-wrapper-sub\"><i class=\"fa-fusion-box active-icon awb-icon-minus\" aria-hidden=\"true\"><\/i><i class=\"fa-fusion-box inactive-icon awb-icon-plus\" aria-hidden=\"true\"><\/i><\/div><\/div><\/div><div class=\"fusion-toggle-heading\">Czy mo\u017cna czy\u015bci\u0107 kalandry po po\u017carze lub powodzi?<\/div><\/a><\/h4><\/div><div id=\"collapse-1-4672\" aria-labelledby=\"faq_1-4672\" class=\"panel-collapse collapse\"><div class=\"panel-body toggle-content post-content\"><p class=\"p1\">Tak, czy\u015bcimy miski i pok\u0142ady przy u\u017cyciu r\u00f3\u017cnych metod, aby pozby\u0107 si\u0119 wszelkich osad\u00f3w z utleniania lub ga\u015bnic w kratce. Nast\u0119pnie wymieniamy pokrywy, aby uzyska\u0107 kratk\u0119 gotow\u0105 do produkcji. <\/p>\n<\/div><\/div><\/div><div class=\"fusion-panel fusion-toggle-no-divider fusion-toggle-boxed-mode panel-default fusion-faq-post fusion-faq-post-4697 pl \"><span class=\"entry-title rich-snippet-hidden\">Jak z\u0142o\u017cy\u0107 zam\u00f3wienie?<\/span><span class=\"vcard rich-snippet-hidden\"><span class=\"fn\"><a href=\"https:\/\/www.siplet.com\/pl\/author\/k4hg3\/\" title=\"Wpisy od K4HG3\" rel=\"author\">K4HG3<\/a><\/span><\/span><span class=\"updated rich-snippet-hidden\">2025-07-21T16:16:59+02:00<\/span><div class=\"panel-heading\"><h4 id=\"faq_1-4697\" class=\"panel-title toggle\"><a data-toggle=\"collapse\" class=\"collapsed\" data-parent=\"#accordian-1\" data-target=\"#collapse-1-4697\" href=\"#collapse-1-4697\" aria-expanded=\"false\"><div class=\"fusion-toggle-icon-wrapper\"><div class=\"fusion-toggle-icon-wrapper-main\"><div class=\"fusion-toggle-icon-wrapper-sub\"><i class=\"fa-fusion-box active-icon awb-icon-minus\" aria-hidden=\"true\"><\/i><i class=\"fa-fusion-box inactive-icon awb-icon-plus\" aria-hidden=\"true\"><\/i><\/div><\/div><\/div><div class=\"fusion-toggle-heading\">Jak z\u0142o\u017cy\u0107 zam\u00f3wienie?<\/div><\/a><\/h4><\/div><div id=\"collapse-1-4697\" aria-labelledby=\"faq_1-4697\" class=\"panel-collapse collapse\"><div class=\"panel-body toggle-content post-content\"><p class=\"p1\">W przypadku wszelkich zapyta\u0144 o informacje mo\u017cna skorzysta\u0107 z naszego formularza online lub adresu e-mail: <a href=\"mailto:info@sipletservice.com\"><span class=\"s1\">info@sipletservice.com<\/span><\/a> lub telefonicznie: +48451507701.<\/p>\n<p class=\"p1\">Zostaniesz skontaktowany z jednym z naszych pracownik\u00f3w, kt\u00f3ry z przyjemno\u015bci\u0105 poprowadzi Ci\u0119 i odpowie na wszelkie pytania.<\/p>\n<\/div><\/div><\/div><div class=\"fusion-panel fusion-toggle-no-divider fusion-toggle-boxed-mode panel-default fusion-faq-post fusion-faq-post-4682 pl \"><span class=\"entry-title rich-snippet-hidden\">Mam wilgotne plamy na praniu w wyniku wgniecenie. Co powinienem zrobi\u0107?<\/span><span class=\"vcard rich-snippet-hidden\"><span class=\"fn\"><a href=\"https:\/\/www.siplet.com\/pl\/author\/k4hg3\/\" title=\"Wpisy od K4HG3\" rel=\"author\">K4HG3<\/a><\/span><\/span><span class=\"updated rich-snippet-hidden\">2025-07-21T16:20:42+02:00<\/span><div class=\"panel-heading\"><h4 id=\"faq_1-4682\" class=\"panel-title toggle\"><a data-toggle=\"collapse\" class=\"collapsed\" data-parent=\"#accordian-1\" data-target=\"#collapse-1-4682\" href=\"#collapse-1-4682\" aria-expanded=\"false\"><div class=\"fusion-toggle-icon-wrapper\"><div class=\"fusion-toggle-icon-wrapper-main\"><div class=\"fusion-toggle-icon-wrapper-sub\"><i class=\"fa-fusion-box active-icon awb-icon-minus\" aria-hidden=\"true\"><\/i><i class=\"fa-fusion-box inactive-icon awb-icon-plus\" aria-hidden=\"true\"><\/i><\/div><\/div><\/div><div class=\"fusion-toggle-heading\">Mam wilgotne plamy na praniu w wyniku wgniecenie. Co powinienem zrobi\u0107?<\/div><\/a><\/h4><\/div><div id=\"collapse-1-4682\" aria-labelledby=\"faq_1-4682\" class=\"panel-collapse collapse\"><div class=\"panel-body toggle-content post-content\"><p class=\"p1\">Czasami, po incydencie produkcyjnym, zaci\u0119cie p\u0142\u00f3tna powoduje uszkodzenie spr\u0119\u017cyn i funkcjonalnego magla si\u0119 cylindra. Nie martw si\u0119, SIPLET naprawi cylinder i wymieni spr\u0119\u017cyny. Otrzymasz w pe\u0142ni magla.<\/p>\n<\/div><\/div><\/div><div class=\"fusion-panel fusion-toggle-no-divider fusion-toggle-boxed-mode panel-default fusion-faq-post fusion-faq-post-4668 pl \"><span class=\"entry-title rich-snippet-hidden\">Czy mo\u017cna dopasowa\u0107 przeno\u015bniki ta\u015bmowe do mojego folderu, podajnika i magla?<\/span><span class=\"vcard rich-snippet-hidden\"><span class=\"fn\"><a href=\"https:\/\/www.siplet.com\/pl\/author\/k4hg3\/\" title=\"Wpisy od K4HG3\" rel=\"author\">K4HG3<\/a><\/span><\/span><span class=\"updated rich-snippet-hidden\">2025-07-21T16:22:15+02:00<\/span><div class=\"panel-heading\"><h4 id=\"faq_1-4668\" class=\"panel-title toggle\"><a data-toggle=\"collapse\" class=\"collapsed\" data-parent=\"#accordian-1\" data-target=\"#collapse-1-4668\" href=\"#collapse-1-4668\" aria-expanded=\"false\"><div class=\"fusion-toggle-icon-wrapper\"><div class=\"fusion-toggle-icon-wrapper-main\"><div class=\"fusion-toggle-icon-wrapper-sub\"><i class=\"fa-fusion-box active-icon awb-icon-minus\" aria-hidden=\"true\"><\/i><i class=\"fa-fusion-box inactive-icon awb-icon-plus\" aria-hidden=\"true\"><\/i><\/div><\/div><\/div><div class=\"fusion-toggle-heading\">Czy mo\u017cna dopasowa\u0107 przeno\u015bniki ta\u015bmowe do mojego folderu, podajnika i magla?<\/div><\/a><\/h4><\/div><div id=\"collapse-1-4668\" aria-labelledby=\"faq_1-4668\" class=\"panel-collapse collapse\"><div class=\"panel-body toggle-content post-content\"><p class=\"p1\">Tak, na \u017cyczenie klienta firma SIPLET mo\u017ce nie tylko wyprodukowa\u0107 przeno\u015bniki ta\u015bmowe, ale tak\u017ce je zamontowa\u0107.<\/p>\n<\/div><\/div><\/div><div class=\"fusion-panel fusion-toggle-no-divider fusion-toggle-boxed-mode panel-default fusion-faq-post fusion-faq-post-4700 pl \"><span class=\"entry-title rich-snippet-hidden\">Czy oferujecie us\u0142ug\u0119 instalacji i konserwacji?<\/span><span class=\"vcard rich-snippet-hidden\"><span class=\"fn\"><a href=\"https:\/\/www.siplet.com\/pl\/author\/k4hg3\/\" title=\"Wpisy od K4HG3\" rel=\"author\">K4HG3<\/a><\/span><\/span><span class=\"updated rich-snippet-hidden\">2025-07-21T16:24:09+02:00<\/span><div class=\"panel-heading\"><h4 id=\"faq_1-4700\" class=\"panel-title toggle\"><a data-toggle=\"collapse\" class=\"collapsed\" data-parent=\"#accordian-1\" data-target=\"#collapse-1-4700\" href=\"#collapse-1-4700\" aria-expanded=\"false\"><div class=\"fusion-toggle-icon-wrapper\"><div class=\"fusion-toggle-icon-wrapper-main\"><div class=\"fusion-toggle-icon-wrapper-sub\"><i class=\"fa-fusion-box active-icon awb-icon-minus\" aria-hidden=\"true\"><\/i><i class=\"fa-fusion-box inactive-icon awb-icon-plus\" aria-hidden=\"true\"><\/i><\/div><\/div><\/div><div class=\"fusion-toggle-heading\">Czy oferujecie us\u0142ug\u0119 instalacji i konserwacji?<\/div><\/a><\/h4><\/div><div id=\"collapse-1-4700\" aria-labelledby=\"faq_1-4700\" class=\"panel-collapse collapse\"><div class=\"panel-body toggle-content post-content\"><p class=\"p1\">Tak, specjalizujemy si\u0119 w monta\u017cu pokry\u0107 tekstylnych do magli (pokrycia rolek, ta\u015bmy przeno\u015bnikowe, pasy sprz\u0119gaj\u0105ce, pasy susz\u0105ce itp. Szkolimy naszych klient\u00f3w w zakresie codziennej konserwacji magli, aby zmaksymalizowa\u0107 wydajno\u015b\u0107 i \u017cywotno\u015b\u0107 filc\u00f3w. Nasz zesp\u00f3\u0142 odwiedzi klienta kilka razy w roku, bezp\u0142atnie, aby sprawdzi\u0107, czy magiel dzia\u0142a prawid\u0142owo.<\/p>\n<\/div><\/div><\/div><div class=\"fusion-panel fusion-toggle-no-divider fusion-toggle-boxed-mode panel-default fusion-faq-post fusion-faq-post-4704 pl \"><span class=\"entry-title rich-snippet-hidden\">Czy Twoje produkty s\u0105 kompatybilne ze wszystkimi markami magl\u00f3w?<\/span><span class=\"vcard rich-snippet-hidden\"><span class=\"fn\"><a href=\"https:\/\/www.siplet.com\/pl\/author\/k4hg3\/\" title=\"Wpisy od K4HG3\" rel=\"author\">K4HG3<\/a><\/span><\/span><span class=\"updated rich-snippet-hidden\">2025-07-21T16:27:25+02:00<\/span><div class=\"panel-heading\"><h4 id=\"faq_1-4704\" class=\"panel-title toggle\"><a data-toggle=\"collapse\" class=\"collapsed\" data-parent=\"#accordian-1\" data-target=\"#collapse-1-4704\" href=\"#collapse-1-4704\" aria-expanded=\"false\"><div class=\"fusion-toggle-icon-wrapper\"><div class=\"fusion-toggle-icon-wrapper-main\"><div class=\"fusion-toggle-icon-wrapper-sub\"><i class=\"fa-fusion-box active-icon awb-icon-minus\" aria-hidden=\"true\"><\/i><i class=\"fa-fusion-box inactive-icon awb-icon-plus\" aria-hidden=\"true\"><\/i><\/div><\/div><\/div><div class=\"fusion-toggle-heading\">Czy Twoje produkty s\u0105 kompatybilne ze wszystkimi markami magl\u00f3w?<\/div><\/a><\/h4><\/div><div id=\"collapse-1-4704\" aria-labelledby=\"faq_1-4704\" class=\"panel-collapse collapse\"><div class=\"panel-body toggle-content post-content\"><p class=\"p1\">Nasze pokrycia tekstylne s\u0105 odpowiednie dla wszystkich magli dost\u0119pnych na rynku i mo\u017cemy zaoferowa\u0107 rodzaj pokrycia najlepiej dostosowany do warunk\u00f3w produkcji i przyci\u0119ty na wymiar.<\/p>\n<\/div><\/div><\/div><div class=\"fusion-panel fusion-toggle-no-divider fusion-toggle-boxed-mode panel-default fusion-faq-post fusion-faq-post-4714 pl \"><span class=\"entry-title rich-snippet-hidden\">Jakie s\u0105 zalety filcowych ko\u0144c\u00f3wek?<\/span><span class=\"vcard rich-snippet-hidden\"><span class=\"fn\"><a href=\"https:\/\/www.siplet.com\/pl\/author\/k4hg3\/\" title=\"Wpisy od K4HG3\" rel=\"author\">K4HG3<\/a><\/span><\/span><span class=\"updated rich-snippet-hidden\">2025-06-09T15:10:51+02:00<\/span><div class=\"panel-heading\"><h4 id=\"faq_1-4714\" class=\"panel-title toggle\"><a data-toggle=\"collapse\" class=\"collapsed\" data-parent=\"#accordian-1\" data-target=\"#collapse-1-4714\" href=\"#collapse-1-4714\" aria-expanded=\"false\"><div class=\"fusion-toggle-icon-wrapper\"><div class=\"fusion-toggle-icon-wrapper-main\"><div class=\"fusion-toggle-icon-wrapper-sub\"><i class=\"fa-fusion-box active-icon awb-icon-minus\" aria-hidden=\"true\"><\/i><i class=\"fa-fusion-box inactive-icon awb-icon-plus\" aria-hidden=\"true\"><\/i><\/div><\/div><\/div><div class=\"fusion-toggle-heading\">Jakie s\u0105 zalety filcowych ko\u0144c\u00f3wek?<\/div><\/a><\/h4><\/div><div id=\"collapse-1-4714\" aria-labelledby=\"faq_1-4714\" class=\"panel-collapse collapse\"><div class=\"panel-body toggle-content post-content\"><p class=\"p1\">Nasze filce s\u0105 produkowane przez \u015bwiatowego specjalist\u0119 VALMET z wysokiej jako\u015bci materia\u0142\u00f3w: w\u0142\u00f3kna poliestrowego Trevira\u00ae i w\u0142\u00f3kna Conex\u00ae Meta\/Aramid opracowanego specjalnie na potrzeby pralni. Jako\u015b\u0107 naszych filc\u00f3w oznacza, \u017ce s\u0105 one wysoce odporne na zu\u017cycie i ciep\u0142o, co wyd\u0142u\u017ca ich \u017cywotno\u015b\u0107 nawet w intensywnych warunkach produkcyjnych.<\/p>\n<\/div><\/div><\/div><div class=\"fusion-panel fusion-toggle-no-divider fusion-toggle-boxed-mode panel-default fusion-faq-post fusion-faq-post-4688 pl \"><span class=\"entry-title rich-snippet-hidden\">Czy dostarczasz swoje produkty za granic\u0119?<\/span><span class=\"vcard rich-snippet-hidden\"><span class=\"fn\"><a href=\"https:\/\/www.siplet.com\/pl\/author\/k4hg3\/\" title=\"Wpisy od K4HG3\" rel=\"author\">K4HG3<\/a><\/span><\/span><span class=\"updated rich-snippet-hidden\">2025-06-09T15:10:17+02:00<\/span><div class=\"panel-heading\"><h4 id=\"faq_1-4688\" class=\"panel-title toggle\"><a data-toggle=\"collapse\" class=\"collapsed\" data-parent=\"#accordian-1\" data-target=\"#collapse-1-4688\" href=\"#collapse-1-4688\" aria-expanded=\"false\"><div class=\"fusion-toggle-icon-wrapper\"><div class=\"fusion-toggle-icon-wrapper-main\"><div class=\"fusion-toggle-icon-wrapper-sub\"><i class=\"fa-fusion-box active-icon awb-icon-minus\" aria-hidden=\"true\"><\/i><i class=\"fa-fusion-box inactive-icon awb-icon-plus\" aria-hidden=\"true\"><\/i><\/div><\/div><\/div><div class=\"fusion-toggle-heading\">Czy dostarczasz swoje produkty za granic\u0119?<\/div><\/a><\/h4><\/div><div id=\"collapse-1-4688\" aria-labelledby=\"faq_1-4688\" class=\"panel-collapse collapse\"><div class=\"panel-body toggle-content post-content\"><p class=\"p1\">Tak, SIPLET ma siedzib\u0119 w Belgii i Francji, ale dostarczamy towary na terenie ca\u0142ej Europy, francuskich departament\u00f3w i terytori\u00f3w zamorskich oraz Afryki P\u00f3\u0142nocnej. Na \u017cyczenie klienta podr\u00f3\u017cujemy r\u00f3wnie\u017c do ka\u017cdego z tych kraj\u00f3w. <\/p>\n<\/div><\/div><\/div><\/div><\/div><\/div><\/div><\/div><\/div><\/div><\/div><div class=\"fusion-fullwidth fullwidth-box fusion-builder-row-2 fusion-flex-container has-pattern-background has-mask-background nonhundred-percent-fullwidth non-hundred-percent-height-scrolling\" style=\"--awb-border-radius-top-left:0px;--awb-border-radius-top-right:0px;--awb-border-radius-bottom-right:0px;--awb-border-radius-bottom-left:0px;--awb-padding-top:39px;--awb-padding-bottom:12px;--awb-margin-top:0px;--awb-background-color:var(--awb-custom_color_2);--awb-flex-wrap:wrap;\" ><div class=\"fusion-builder-row fusion-row fusion-flex-align-items-center fusion-flex-content-wrap\" style=\"max-width:1372.8px;margin-left: calc(-4% \/ 2 );margin-right: calc(-4% \/ 2 );\"><div class=\"fusion-layout-column fusion_builder_column fusion-builder-column-1 fusion_builder_column_2_3 2_3 fusion-flex-column\" style=\"--awb-bg-size:cover;--awb-width-large:66.666666666667%;--awb-margin-top-large:13px;--awb-spacing-right-large:2.88%;--awb-margin-bottom-large:20px;--awb-spacing-left-large:2.88%;--awb-width-medium:66.666666666667%;--awb-order-medium:0;--awb-spacing-right-medium:2.88%;--awb-spacing-left-medium:2.88%;--awb-width-small:100%;--awb-order-small:0;--awb-spacing-right-small:1.92%;--awb-spacing-left-small:1.92%;\"><div class=\"fusion-column-wrapper fusion-column-has-shadow fusion-flex-justify-content-flex-start fusion-content-layout-column\"><div class=\"fusion-text fusion-text-2\" style=\"--awb-content-alignment:center;--awb-font-size:22px;--awb-letter-spacing:1px;\"><p style=\"color: #ffffff; font-size: 22px;\" data-fusion-font=\"true\">Ets. SIPLET, gwarancja nienagannego prasowania!<\/p>\n<\/div><\/div><\/div><div class=\"fusion-layout-column fusion_builder_column fusion-builder-column-2 fusion_builder_column_1_3 1_3 fusion-flex-column\" style=\"--awb-bg-size:cover;--awb-width-large:33.333333333333%;--awb-margin-top-large:0px;--awb-spacing-right-large:5.76%;--awb-margin-bottom-large:20px;--awb-spacing-left-large:5.76%;--awb-width-medium:33.333333333333%;--awb-order-medium:0;--awb-spacing-right-medium:5.76%;--awb-spacing-left-medium:5.76%;--awb-width-small:100%;--awb-order-small:0;--awb-spacing-right-small:1.92%;--awb-spacing-left-small:1.92%;\"><div class=\"fusion-column-wrapper fusion-column-has-shadow fusion-flex-justify-content-flex-start fusion-content-layout-column\"><div style=\"text-align:center;\"><a class=\"fusion-button button-flat fusion-button-default-size button-custom fusion-button-default button-1 fusion-button-default-span fusion-button-default-type\" style=\"--button_accent_color:var(--awb-color1);--button_accent_hover_color:var(--awb-color1);--button_border_hover_color:var(--awb-color1);--button_gradient_top_color:var(--awb-custom_color_1);--button_gradient_bottom_color:var(--awb-custom_color_1);--button_gradient_top_color_hover:hsla(var(--awb-color6-h),calc(var(--awb-color6-s) - 5%),calc(var(--awb-color6-l) - 10%),var(--awb-color6-a));--button_gradient_bottom_color_hover:hsla(var(--awb-color6-h),calc(var(--awb-color6-s) - 5%),calc(var(--awb-color6-l) - 10%),var(--awb-color6-a));--button_text_transform:none;--button_font_size:15px;\" target=\"_self\" href=\"https:\/\/www.siplet.com\/pl\/kontakt\/\"><span class=\"fusion-button-text awb-button__text awb-button__text--default\">Skontaktuj si\u0119 z nami ju\u017c teraz!<\/span><\/a><\/div><\/div><\/div><\/div><\/div><\/p>\n","protected":false},"excerpt":{"rendered":"","protected":false},"author":1,"featured_media":0,"parent":0,"menu_order":0,"comment_status":"closed","ping_status":"closed","template":"100-width.php","meta":{"_acf_changed":false,"footnotes":""},"class_list":["post-4945","page","type-page","status-publish","hentry"],"acf":[],"_links":{"self":[{"href":"https:\/\/www.siplet.com\/pl\/wp-json\/wp\/v2\/pages\/4945","targetHints":{"allow":["GET"]}}],"collection":[{"href":"https:\/\/www.siplet.com\/pl\/wp-json\/wp\/v2\/pages"}],"about":[{"href":"https:\/\/www.siplet.com\/pl\/wp-json\/wp\/v2\/types\/page"}],"author":[{"embeddable":true,"href":"https:\/\/www.siplet.com\/pl\/wp-json\/wp\/v2\/users\/1"}],"replies":[{"embeddable":true,"href":"https:\/\/www.siplet.com\/pl\/wp-json\/wp\/v2\/comments?post=4945"}],"version-history":[{"count":5,"href":"https:\/\/www.siplet.com\/pl\/wp-json\/wp\/v2\/pages\/4945\/revisions"}],"predecessor-version":[{"id":5189,"href":"https:\/\/www.siplet.com\/pl\/wp-json\/wp\/v2\/pages\/4945\/revisions\/5189"}],"wp:attachment":[{"href":"https:\/\/www.siplet.com\/pl\/wp-json\/wp\/v2\/media?parent=4945"}],"curies":[{"name":"wp","href":"https:\/\/api.w.org\/{rel}","templated":true}]}}